{"id":4281,"date":"2022-07-29T18:58:15","date_gmt":"2022-07-29T18:58:15","guid":{"rendered":"https:\/\/sanasmed.ro\/temp\/?page_id=4281"},"modified":"2022-07-29T18:59:21","modified_gmt":"2022-07-29T18:59:21","slug":"termeni-si-conditii","status":"publish","type":"page","link":"https:\/\/sanasmed.ro\/temp\/termeni-si-conditii\/","title":{"rendered":"Termeni si Conditii"},"content":{"rendered":"<p><strong>Nota de informare <\/strong><\/p>\n<p><strong>cu privire la prelucrarea datelor cu caracter personal ale clien\u0163ilor persoane fizice <\/strong><\/p>\n<p><strong>de c\u0103tre S.C. SANAS MEDICAL GRUP S.R.L.<\/strong><\/p>\n<p><strong>\u00a0<\/strong><\/p>\n<p>Societatea S.C. SANAS MEDICAL GRUP S.R.L.\u00a0 denumit\u0103 \u00een continuare SANAS MED prelucreaz\u0103 date personale, \u00een conformitate cu prevederile legale \u00een materie de prelucrare a datelor cu caracter personal \u015fi libera circula\u0163ie a acestor date, respectiv Regulamentul UE nr. 679\/2016 (cunoscut sub numele de GDPR) \u015fi legisla\u0163ia rom\u00e2n\u0103 de punere \u00een aplicare a acestuia. Rolul prezentei inform\u0103ri este de a explica modul \u015fi scopul \u00een care datele dumneavoastr\u0103 personale sunt procesate \u015fi a prezenta modul \u00een care ne asigur\u0103m c\u0103 v\u0103 sunt respectate drepturile \u015fi se reduc la minim riscurile de accesare sau utilizare neautorizat\u0103 a acestor date. V\u0103 rug\u0103m s\u0103 citi\u0163i aceast\u0103 informare cu aten\u0163ie.<\/p>\n<ol>\n<li><strong>\u00cen ce scop proces\u0103m datele cu caracter personal<\/strong>.<\/li>\n<\/ol>\n<p>SANAS MED prelucreaz\u0103 datele dumneavoastr\u0103 personale \u00een <strong>urm\u0103toarele scopuri:<\/strong><\/p>\n<ol>\n<li>\u00cen scopul \u00eencheierii \u015fi derul\u0103rii contractului pe baza c\u0103ruia prest\u0103m servicii medicale c\u0103tre Dvs. (\u00een temeiul art. 6 alin. 1 lit. b) din Regulament \u2014 \u00eencheierea \u015fi executarea contractului);<\/li>\n<li>\u00cen scopul respect\u0103rii obliga\u0163iilor legale, de exemplu cele stabilite de legisla\u0163ia medical\u0103, cea financiar-contabil\u0103, fiscal\u0103 \u015fi cea de prevenire \u015fi combatere a sp\u0103l\u0103rii banilor (\u00een temeiul art. 6 alin. 1 lit. c) din Regulament \u2014 \u00eendeplinirea obliga\u0163iilor legale);<\/li>\n<li>\u00cen scopul \u00eembun\u0103t\u0103\u0163irii permanente a calit\u0103\u0163ii serviciilor oferite, inclusiv prin supravegherea spa\u0163iilor prin sisteme CCTV (art. 6 alin. 1 lit. f) \u2014 interes legitim din Regulament);<\/li>\n<li>Pentru inform\u0103rea dumneavoastr\u0103 cu privire la alte servicii de profil pe care le oferim precum \u015fi pentru \u015fi privire la sfaturi medicale utile, dar numai dup\u0103 ob\u0163inerea consim\u0163\u0103m\u00e2ntului expres al dumneavoastr\u0103, prin completarea formularului de pe site-ul nostru &#8211; Newsletter (art. 6 alin. 1 lit. a) din GDPR \u2014 consim\u0163\u0103m\u00e2nt);<\/li>\n<\/ol>\n<p><strong>\u00cen mod excep\u0163ional<\/strong>:<\/p>\n<ol>\n<li>Pentru cercet\u0103ri \u015ftiin\u0163ifice, cu m\u0103suri adecvate de pseudonimizare, publicate \u00een publica\u0163ii clasice \u015fi electronice medicale, prezentare la congrese \u2014 imagini electronice \/ proiectate respectiv poster, sau verbale, dar numai dup\u0103 ob\u0163inerea consim\u0163\u0103m\u00e2ntului expres la pacientului, prin formularul prescris de normele legale, (art. 6 alin. 1 lit. a) din GDPR \u2014 consim\u0163\u0103m\u00e2nt);<\/li>\n<li>Pentru \u00eenv\u0103\u0163\u0103m\u00e2nt clinic medical, cu obliga\u0163ii de confiden\u0163ialitate pentru persoanele aflate \u00een proces de instruire \u015fi cadrele didactice aferente, dar numai dup\u0103 ob\u0163inerea consim\u0163\u0103m\u00e2ntului expres la pacientului, prin formularul prescris de normele legale, (art. 6 alin. 1 lit. a) din GDPR \u2014 consim\u0163\u0103m\u00e2nt);<\/li>\n<li>Pentru prezentarea public\u0103 (postere, bro\u015furi, pliante, pagin\u0103 de Internet etc.) a societ\u0103\u0163ii medicale \u015fi medicilor care activeaz\u0103 \u00een cadrul ei, dar numai dup\u0103 ob\u0163inerea consim\u0163\u0103m\u00e2ntului expres la pacientului, prin formularul prescris de normele legale, (art. 6 alin. 1 lit. a) din GDPR \u2014 consim\u0163\u0103m\u00e2nt);<\/li>\n<li><strong>Pe ce principii ne baz\u0103m <\/strong><\/li>\n<\/ol>\n<p>Proces\u0103m datele personale cu respectarea principiilor prev\u0103zute de art. 5 din GDPR, \u015fi anume:<\/p>\n<ul>\n<li>prelucrare caracterizat\u0103 prin legalitate, echitate \u015fi transparen\u0163\u0103;<\/li>\n<li>cu colectare numai \u00een scopuri determinate, explicite \u015fi legitime, \u015fi doar a datelor adecvate, relevante \u015fi limitate la ceea ce este necesar, exacte \u015fi actualizate;<\/li>\n<li>asignabile prompt persoanei vizate; prelucrare cu m\u0103suri de ordin tehnic \u015fi organizatoric adecvate \u00een vederea garant\u0103rii drepturilor \u015fi libert\u0103\u0163ilor persoanei vizate, asigur\u00e2nd integritate \u015fi confiden\u0163ialitate \u015fi totul pe baz\u0103 de responsabilitate.<\/li>\n<\/ul>\n<ol start=\"3\">\n<li><strong>Ce date cu caracter personal proces\u0103m <\/strong><\/li>\n<li>datele dumneavoastr\u0103 de identificare \u015fi contact, precum numele de familie \u015fi prenumele, sex, data na\u015fterii, domiciliul, codul numeric personal, num\u0103r de telefon, adres\u0103 de email, pentru a v\u0103 presta serviciile pe care le-a\u0163i contractat cu noi \u015fi \u00een vederea \u00eendeplinirii obliga\u0163iilor legale legate de eviden\u0163a clien\u0163ilor \u015fi pl\u0103\u0163ilor;<\/li>\n<li>datele men\u0163ionate \u00een documentul dumneavoastr\u0103 de identitate (tipul actului de identitate, seria \u015fi num\u0103rul, emitentul \u015fi date emiterii \u015fi expir\u0103rii,) precum \u015fi, cele identificate din Cardul national de asigur\u0103ri de s\u0103n\u0103tate, \u00een cazul \u00een care contracta\u0163i servicii decontate de c\u0103tre CNAS, pentru a v\u0103 presta serviciile pe care le-a\u0163i contractat cu noi \u015fi \u00een vederea \u00eendeplinirii obliga\u0163iilor legale;<\/li>\n<li>date medicale \u015fi paramedicale cum sunt antecedentele familiale, probleme medicale personale trecute sau prezente, informa\u0163ii privind alimenta\u0163ia \u015fi obiceiurile de via\u0163\u0103 etc. conform bunelor practici medicale \u00een domeniu, pentru a v\u0103 presta serviciile pe care le-a\u0163i contractat cu noi.<\/li>\n<li>date medicale rezultate \u00een urma prest\u0103rii serviciile pe care le-a\u0163i contractat cu noi, precum rezultatele analizelor medicale, diagnosticele, descrierile constat\u0103rilor clinice \u015fi paraclinice \u015fi manoperele medicale efectuate, concluzii \u015fi recomand\u0103ri.<\/li>\n<li>\u00een cazul serviciilor de medicina muncii, se vor procesa date suplimentare referitoare la locul de munc\u0103, precum ocupa\u0163ia, specificul muncii, angajatorul.<\/li>\n<li>imagini video \u015fi \u00eenregistr\u0103ri audio, surprinse de sistemul CCTV<\/li>\n<li><strong>Durata si modul \u00een care prelucr\u0103m datele cu caracter personal<\/strong><\/li>\n<\/ol>\n<p>Datele personale vor fi stocate at\u00e2ta timp c\u00e2t este obiectiv necesar pentru scopurile men\u0163ionate mai sus. De exemplu, \u00een lumina legisla\u0163iei contabile, documentele care atest\u0103 pl\u0103\u0163ile vor fi p\u0103strate 5 ani, iar cele incluse \u00een documente cumulative de tip registre contabile sau situa\u0163ii financiare anuale, dac\u0103 e cazul, timp de 10 ani.<\/p>\n<p>Contractul de prestare servicii medicale \u015fi anexele la acesta vor fi p\u0103strate pe toat\u0103 durata valabilit\u0103\u0163ii lui \u015fi, \u00een plus, pe o durat\u0103 egal\u0103 cu cea de prescrip\u0163ie, conform prevederilor Codului de procedur\u0103 civil\u0103, de regul\u0103 trei ani.<\/p>\n<p>Datele specific medicale vor fi p\u0103strate, \u00een principiu, pe termen nedeterminat, \u00een m\u0103sura \u00een care nu va interveni o norm\u0103 legal\u0103 specific medical\u0103 care s\u0103 stabileasc\u0103 durate concrete necesare \u015fi rezonabile \u00een domeniul medicinei. Aceste date vor fi p\u0103strate \u00een conformitate cu legisla\u0163ia \u00een vigoare \u015fi aplic\u0103m m\u0103suri tehnice \u015fi organizatorice de protejare a tuturor opera\u0163iunilor referitoare \u00een mod direct sau indirect la date cu caracter personal, care previn prelucr\u0103rile neautorizate sau ilegale, precum \u015fi pierderile sau distrugerile accidentale sau ilegale.<\/p>\n<p>Men\u0163ion\u0103m c\u0103 datele personale colectate \u015fi procesate de c\u0103tre societatea noastr\u0103 nu fac obiectul niciunui transfer c\u0103tre o \u0163ar\u0103 ter\u0163\u0103. Societatea noastr\u0103 NU prelucreaz\u0103 datele dumneavoastr\u0103 personale printr-un proces decizional automatizat \u015fi NU creeaz\u0103 profiluri, astfel \u00eenc\u00e2t nu ve\u0163i face obiectul unei decizii bazate exclusiv pe prelucrarea automatizat\u0103 a datelor dvs.<\/p>\n<ol start=\"5\">\n<li><strong>Destinatarii datelor cu caracter personal <\/strong><\/li>\n<\/ol>\n<p>\u00cen scopurile men\u0163ionate mai sus precum \u015fi pentru a ne permite s\u0103 ne concentr\u0103m la ceea ce \u015ftim s\u0103 facem cel mai bine \u2014 oferirea de servicii medicale de \u00eenalt\u0103 calitate \u2014 datele cu caracter personal sunt prelucrate nu doar de personalul nostru ci pot fi transmise c\u0103tre urm\u0103toarele categorii de destinatari, dup\u0103 caz, conform specificului serviciului contractat: \u2014 personalul autorit\u0103\u0163ilor publice \u00eendrept\u0103\u0163ite ca \u00een cadrul activit\u0103\u0163ilor de control s\u0103 acceseze documentele ce con\u0163in date cu caracter personal; \u2014 organiza\u0163ii profesionale precum Colegiul Medicilor din Rom\u00e2nia; \u2014 \u00een cazul serviciilor de medicina muncii, persoanele juridice respectiv angajatorul sau organiza\u0163iile de preg\u0103tire profesional\u0103.<\/p>\n<p>\u00cen cazul serviciilor decontate de c\u0103tre asigurator, Casa Na\u0163ional\u0103 de Asigur\u0103ri de S\u0103n\u0103tate sau societ\u0103\u0163ile private de asigurare, sau c\u0103tre angajator, \u00een cazul \u00een care acesta asigur\u0103 plata sau deconteaz\u0103 costul serviciilor prestate. furnizorii no\u015ftri de servicii cum sunt cele legate de tehnologia informa\u0163iei (IT), marketing, foto \/ video, tip\u0103rituri, servicii ale laboaratoarelor medicale cu care colabor\u0103m, paz\u0103 \u015fi protec\u0163ie, asigurare etc.<\/p>\n<p>\u00cen cazurile \u00een care v-a\u0163i exprimat consim\u0163\u0103m\u00e2ntul pentru aceasta, unele date ale Dvs. vor putea fi folosite \u00een cercetarea medical\u0103, \u00een \u00eenv\u0103\u0163\u0103m\u00e2ntul superior clinic de profil sau \u00een prezent\u0103ri publice a unit\u0103\u0163ii medicale, deci vor fi aduse la cuno\u015ftin\u0163a public\u0103 \u00een special a unor studen\u0163i, stagiari, reziden\u0163i, cursan\u0163i \u00een instruiri postuniversitare etc. Desigur, \u00een calitatea noastr\u0103 de operator de date cu caracter personal ne asigur\u0103m \u00eentotdeauna c\u0103 instituim garan\u0163ii adecvate pentru protejarea datelor dumneavoastr\u0103, inclusiv atunci c\u00e2nd acestea au fost transmise ter\u0163ilor fie c\u0103 au, \u00een raport cu noi, calitatea de \u00eemputernicit sau operator asociat sau alt\u0103 calitate prev\u0103zut\u0103 de lege. Dorim s\u0103 v\u0103 asigur\u0103m \u015fi pe aceast\u0103 cale c\u0103 datele personale colectate \u015fi procesate de c\u0103tre societatea noastr\u0103 NU sunt transmise ter\u0163ilor \u00een scopuri de marketing sau alte scopuri diferite de acela pentru care au fost colectate.<\/p>\n<ol start=\"6\">\n<li><strong>M\u0103suri tehnice si organizatorice aplicate pentru protec\u0163ia datelor dumneavoastr\u0103 <\/strong><\/li>\n<\/ol>\n<p>Pentru protec\u0163ia datelor personale avem implementate numeroase mecanisme de protec\u0163ie, printre care:<\/p>\n<ul>\n<li>Politici dedicate \u2014 politicile noastre interne reglementeaz\u0103 modul \u00een care trat\u0103m datele personale, \u00een mod special a aspectelor privind securitatea datelor personale. Aceste politici se revizuiesc periodic;<\/li>\n<li>Restr\u00e2ngerea accesului la date \u2014 accesul la datele personale este limitat la persoanele care au nevoie de acestea pentru \u00eendeplinirea unei sarcini de serviciu. Persoanele cu acces la date cu caracter personal sunt supuse unor obliga\u0163ii stricte de confiden\u0163ialitate \u015fi vor fi trase la r\u0103spundere dac\u0103 nu vor respecta aceste obliga\u0163ii;<\/li>\n<li>Minimizarea datelor \u2014 colect\u0103m doar datele personale necesare pentru ducerea la \u00eendeplinire a scopurilor prelucr\u0103rilor \u015fi avem grij\u0103 ca orice prelucrare s\u0103 aib\u0103 acces la un set restr\u00e2ns de date personale, particularizate pe prelucrarea respectiv\u0103;<\/li>\n<li>Backup-uri, arhivare \u015fi verificarea periodic\u0103 a datelor \u2014 pentru a ne asigura c\u0103 datele personale nu sunt corupte \u015fi c\u0103 nu con\u0163in date eronate;<\/li>\n<li>Controlul furnizorilor de servicii \u2014 \u00een contractele pe care le avem cu furnizorii no\u015ftri avem clauze speciale privind protec\u0163ia datelor personale \u015fi a drepturilor dvs., precum \u015fi m\u0103suri de tragere la r\u0103spundere \u00een cazul nerespect\u0103rii acestor clauze;<\/li>\n<\/ul>\n<ol start=\"7\">\n<li><strong>Ce drepturi ave\u0163i \u00een ceea ce priveste datele dumneavoastr\u0103 personale? <\/strong><\/li>\n<\/ol>\n<p>(1) Dreptul de acces la datele cu caracter personal &#8211; pute\u0163i solicita informa\u0163ii privind activit\u0103\u0163ile de prelucrare a datelor dumneavoastr\u0103 personale.<\/p>\n<p>(2) Dreptul la rectificare &#8211; pute\u0163i rectifica datele personale inexacte sau le pute\u0163i completa.<\/p>\n<p>(3) Dreptul la stergerea datelor &#8211; pute\u0163i solicita \u015ftergerea datelor cu caracter personal care v\u0103 privesc, \u00een cazul \u00een care prelucrarea acestora nu a fost sau nu mai este legitim\u0103 sau \u00een alte cazuri prev\u0103zute de lege.<\/p>\n<p>(4) Dreptul de a v\u0103 retrage consim\u0163\u0103m\u00e2ntul &#8211; \u00een cazurile \u00een care prelucrarea se \u00eentemeiaz\u0103 pe consim\u0163\u0103m\u00e2ntul dumneavoastr\u0103, vi-I pute\u0163i retrage oric\u00e2nd. Retragerea consim\u0163\u0103m\u00e2ntului va avea efecte doar pentru viitor, prelucrarea efectuat\u0103 anterior retragerii r\u0103m\u00e2n\u00e2nd \u00een continuare legitim\u0103.<\/p>\n<p>(5) Dreptul la restric\u0163ionarea prelucr\u0103rii &#8211; pute\u0163i solicita \u015fi ob\u0163ine restric\u0163ionarea prelucr\u0103rii datelor cu caracter personal care v\u0103 privesc \u00een cazul \u00een care contesta\u0163i exactitatea datelor, legitimitatea de\u0163inerii lor sau \u00een alte cazuri prev\u0103zute de lege.<\/p>\n<p>(6) Dreptul la portabilitatea datelor &#8211; pute\u0163i primi, \u00een condi\u0163iile legale, datele personale pe care ni le-a\u0163i furnizat, \u00eentr-un format care poate fi citit automat \u015fi pute\u0163i solicita ca respectivele date s\u0103 fie transmise altui operator.<\/p>\n<p>(7) Dreptul la opozi\u0163ie &#8211; pute\u0163i s\u0103 v\u0103 opune\u0163i, \u00een special, prelucr\u0103rilor de date care se \u00eentemeiaz\u0103 pe interesul nostru legitim;<\/p>\n<p>(8) Dreptul de a depune o pl\u00e2ngere la societatea noastr\u0103\/sau la autoritatea competent\u0103 privind protec\u0163ia datelor (ANSPDCP \u2014 <a href=\"http:\/\/www.dataprotectionso\">www.dataprotectionso<\/a>).<\/p>\n<p>(9) Dreptul de a v\u0103 adresa justi\u0163iei.<\/p>\n<ol start=\"8\">\n<li><strong>Cum v\u0103 pute\u0163i exercita concret drepturile anterior amintite <\/strong><\/li>\n<\/ol>\n<p>Pentru exercitarea drepturilor men\u0163ionate mai sus, precum \u015fi pentru orice \u00eentreb\u0103ri suplimentare cu privire la aceast\u0103 Nota de informare sau \u00een leg\u0103tur\u0103 cu utilizarea de c\u0103tre societatea noastr\u0103 a datelor dumneavoastr\u0103 personale, v\u0103 rugam s\u0103 contacta\u0163i responsabilul nostru cu protec\u0163ia datelor personale. Acesta poate fi contactat la adresa de email: \u2026\u2026\u2026\u2026\u2026\u00a0 sau \u00een scris la adresa \u2026\u2026\u2026\u2026\u2026\u2026\u2026&#8230;<\/p>\n<p>Responsabilul cu protec\u0163ia datelor va examina apoi cererea dvs. \u015fi va lucra \u00eempreun\u0103 cu dvs. pentru a rezolva problema. Dac\u0103 dori\u0163i s\u0103 v\u0103 exercita\u0163i dreptul de a formula pl\u00e2ngere la autoritatea de stat competent\u0103, aceasta este Autoritatea Na\u0163ional\u0103 de Supravegherea a Prelucr\u0103rii Datelor cu Caracter Personal (ANSPDCP \u2014 www.dataprotectionso) care are dreptul s\u0103 investigheze pe cale administrativ\u0103 situa\u0163ia sesizat\u0103 \u015fi s\u0103 dispun\u0103 m\u0103suri pentru rezolvarea adecvat\u0103 a nemul\u0163umirilor dumneavoastr\u0103 put\u00e2nd inclusiv s\u0103 formuleze o ac\u0163iune \u00een instan\u0163\u0103 \u00een numele dumneavoastr\u0103 \u00een cazul \u00een care s-ar impune sesizarea justi\u0163iei \u015fi dumneavoastr\u0103 nu o face\u0163i \u00een mod direct (conform prevederilor Legii 129\/2018).<\/p>\n<ol start=\"9\">\n<li><strong>Modific\u0103rile acestei note de informare <\/strong><\/li>\n<\/ol>\n<p>Legisla\u0163ia de protec\u0163ie a datelor cu caracter personal este \u00een plin\u0103 dinamic\u0103, ANSPDCP emi\u0163\u00e2nd ghiduri \u015fi decizii privind interpretarea \u015fi aplicarea \u00een Rom\u00e2nia a prevederilor UE (GDPR). De asemenea, Comitetul European pentru Protec\u0163ia Datelor are \u00een curs de elaborare sau revizuire diverse ghiduri de aplicare a GDPR \u015fi urmeaz\u0103, \u00een timp s\u0103 apar\u0103 \u015fi coduri de conduit\u0103, scheme de certificare \u015fi alte asemenea instrumente. Prin urmare, de\u015fi SANAS MED a implementat adecvat GDPR, este foarte probabil s\u0103 se impun\u0103 ajust\u0103ri periodice ale politicii de protec\u0163ie a datelor cu caracter personal pentru a \u0163ine pasul cu legisla\u0163ia \u015fi bunele practici aflate \u00een plin\u0103 evolu\u0163ie, precum \u015fi cu dezvoltarea societ\u0103\u0163ii noastre, a tehnologiilor \u015fi practicilor de pe pia\u0163\u0103, astfel c\u0103 \u015fi prezenta informare va suferi modific\u0103ri pe care le vom afi\u015fa pe pagina noastr\u0103 de internet www.SANASMED.ro.<\/p>\n","protected":false},"excerpt":{"rendered":"<p>Nota de informare cu privire la prelucrarea datelor cu caracter personal ale clien\u0163ilor persoane fizice de c\u0103tre S.C. SANAS MEDICAL GRUP S.R.L. \u00a0 Societatea S.C. SANAS MEDICAL GRUP S.R.L.\u00a0 denumit\u0103 \u00een continuare SANAS MED prelucreaz\u0103 date personale, \u00een conformitate cu prevederile legale \u00een materie de prelucrare a datelor cu caracter personal \u015fi libera circula\u0163ie a<\/p>\n","protected":false},"author":1,"featured_media":0,"parent":0,"menu_order":0,"comment_status":"closed","ping_status":"closed","template":"","meta":{"footnotes":""},"class_list":["post-4281","page","type-page","status-publish","hentry"],"_links":{"self":[{"href":"https:\/\/sanasmed.ro\/temp\/wp-json\/wp\/v2\/pages\/4281","targetHints":{"allow":["GET"]}}],"collection":[{"href":"https:\/\/sanasmed.ro\/temp\/wp-json\/wp\/v2\/pages"}],"about":[{"href":"https:\/\/sanasmed.ro\/temp\/wp-json\/wp\/v2\/types\/page"}],"author":[{"embeddable":true,"href":"https:\/\/sanasmed.ro\/temp\/wp-json\/wp\/v2\/users\/1"}],"replies":[{"embeddable":true,"href":"https:\/\/sanasmed.ro\/temp\/wp-json\/wp\/v2\/comments?post=4281"}],"version-history":[{"count":1,"href":"https:\/\/sanasmed.ro\/temp\/wp-json\/wp\/v2\/pages\/4281\/revisions"}],"predecessor-version":[{"id":4282,"href":"https:\/\/sanasmed.ro\/temp\/wp-json\/wp\/v2\/pages\/4281\/revisions\/4282"}],"wp:attachment":[{"href":"https:\/\/sanasmed.ro\/temp\/wp-json\/wp\/v2\/media?parent=4281"}],"curies":[{"name":"wp","href":"https:\/\/api.w.org\/{rel}","templated":true}]}}